{"id":11,"date":"2010-04-30T22:05:43","date_gmt":"2010-04-30T22:05:43","guid":{"rendered":"http:\/\/trachtenverein-schoenram.de\/wp\/?page_id=11"},"modified":"2026-04-10T14:03:14","modified_gmt":"2026-04-10T12:03:14","slug":"impressum","status":"publish","type":"page","link":"http:\/\/trachtenverein-schoenram.de\/wp\/?page_id=11","title":{"rendered":"Impressum"},"content":{"rendered":"<h2>Impressum<\/h2>\n<p style=\"text-align: justify;\"><strong>Angaben gem\u00e4\u00df \u00a7 5 TMG:<\/strong><\/p>\n<p style=\"text-align: justify;\">GTEV &#8222;D&#8217;Untersurtaler&#8220; Sch\u00f6nram e.V.<br \/>\n83367 Petting<\/p>\n<p style=\"text-align: justify;\"><strong>Vertreten durch:<\/strong><\/p>\n<p style=\"text-align: justify;\">1. Vorsitzende: Veronika Sammer<\/p>\n<p style=\"text-align: justify;\"><strong>Kontakt:<\/strong><\/p>\n<p style=\"text-align: justify;\">Telefon: Tel.: +49 (0) 8686 \/ 98 411 78<br \/>\nE-Mail: v.pastoetter@web.de<\/p>\n<p style=\"text-align: justify;\"><strong>Registereintrag:<\/strong><\/p>\n<p style=\"text-align: justify;\">Amtsgericht Traunstein &#8211; Registergericht<\/p>\n<p style=\"text-align: justify;\">VR 424<\/p>\n<p style=\"text-align: justify;\"><strong>Verantwortlich f\u00fcr den Inhalt nach \u00a7 55 Abs. 2 RStV:<\/strong><\/p>\n<p>Veronika Sammer, Furt 2a, 83367 Petting<\/p>\n<p style=\"text-align: justify;\">Quelle: <em>eRecht24<\/em><\/p>\n<p style=\"text-align: justify;\"><strong>Haftungsausschlu\u00df<\/strong><\/p>\n<p style=\"text-align: justify;\"><strong>Haftung f\u00fcr Inhalte<\/strong><\/p>\n<p style=\"text-align: justify;\">Die Inhalte unserer Seiten wurden mit gr\u00f6\u00dfter Sorgfalt erstellt. F\u00fcr die Richtigkeit, Vollst\u00e4ndigkeit und Aktualit\u00e4t der Inhalte k\u00f6nnen wir jedoch keine Gew\u00e4hr \u00fcbernehmen. Als Dienstanbieter sind wir gem\u00e4\u00df \u00a7 7 Abs.1 TMG f\u00fcr eigene Inhalte auf diesen Seiten nach den allgemeinen Gesetzen verantwortlich. Nach \u00a7\u00a7 8 bis 10 TMG sind wir als Dienstanbieter jedoch nicht verpflichtet, \u00fcbermittelte oder gespeicherte fremde Informationen zu \u00fcberwachen oder nach Umst\u00e4nden zu forschen, die auf eine rechtswidrige T\u00e4tigkeit hinweisen. Verpflichtungen zur Entfernung oder Sperrung der Nutzung von Informationen nach den allgemeinen Gesetzen bleiben hiervon unber\u00fchrt. Eine diesbez\u00fcgliche Haftung ist jedoch erst ab dem Zeitpunkt der Kenntnis einer konkreten Rechtsverletzung m\u00f6glich. Bei Bekanntwerden von entsprechenden Rechtsverletzungen werden wir diese Inhalte umgehend entfernen.<\/p>\n<p style=\"text-align: justify;\"><strong>Haftung f\u00fcr Links<\/strong><\/p>\n<p style=\"text-align: justify;\">Unser Angebot enth\u00e4lt Links zu externen Webseiten Dritter, auf deren Inhalte wir keinen Einfluss haben. Deshalb k\u00f6nnen wir f\u00fcr diese fremden Inhalte auch keine Gew\u00e4hr \u00fcbernehmen. F\u00fcr die Inhalte der verlinkten Seiten ist stets der jeweilige Anbieter oder Betreiber der Seiten verantwortlich. Die verlinkten Seiten wurden zum Zeitpunkt der Verlinkung auf m\u00f6gliche Rechtsverst\u00f6\u00dfe \u00fcberpr\u00fcft. Rechtswidrige Inhalte waren zum Zeitpunkt der Verlinkung nicht erkennbar. Eine permanente inhaltliche Kontrolle der verlinkten Seiten ist jedoch ohne konkrete Anhaltspunkte einer Rechtsverletzung nicht zumutbar. Bei Bekanntwerden von Rechtsverletzungen werden wir derartige Links umgehend entfernen.<\/p>\n<p style=\"text-align: justify;\"><strong>Urheberrecht<\/strong><\/p>\n<p style=\"text-align: justify;\">Die durch die Seitenbetreiber erstellten Inhalte und Werke auf diesen Seiten unterliegen dem deutschen Urheberrecht. Die Vervielf\u00e4ltigung, Bearbeitung, Verbreitung und jede Art der Verwertung au\u00dferhalb der Grenzen des Urheberrechtes bed\u00fcrfen der schriftlichen Zustimmung des jeweiligen Autors bzw. Erstellers. Downloads und Kopien dieser Seite sind nur f\u00fcr den privaten, nicht kommerziellen Gebrauch gestattet. Soweit die Inhalte auf dieser Seite nicht vom Betreiber erstellt wurden, werden die Urheberrechte Dritter beachtet. Insbesondere werden Inhalte Dritter als solche gekennzeichnet. Sollten Sie trotzdem auf eine Urheberrechtsverletzung aufmerksam werden, bitten wir um einen entsprechenden Hinweis. Bei Bekanntwerden von Rechtsverletzungen werden wir derartige Inhalte umgehend entfernen.<\/p>\n<p style=\"text-align: justify;\"><strong>Datenschutz<\/strong><\/p>\n<p style=\"text-align: justify;\">Die Nutzung unserer Webseite ist in der Regel ohne Angabe personenbezogener Daten m\u00f6glich. Soweit auf unseren Seiten personenbezogene Daten (beispielsweise Name, Anschrift oder eMail-Adressen) erhoben werden, erfolgt dies, soweit m\u00f6glich, stets auf freiwilliger Basis. Diese Daten werden ohne Ihre ausdr\u00fcckliche Zustimmung nicht an Dritte weitergegeben.<\/p>\n<p style=\"text-align: justify;\">Wir weisen darauf hin, dass die Daten\u00fcbertragung im Internet (z.B. bei der Kommunikation per E-Mail) Sicherheitsl\u00fccken aufweisen kann. Ein l\u00fcckenloser Schutz der Daten vor dem Zugriff durch Dritte ist nicht m\u00f6glich.<\/p>\n<p style=\"text-align: justify;\">Der Nutzung von im Rahmen der Impressumspflicht ver\u00f6ffentlichten Kontaktdaten durch Dritte zur \u00dcbersendung von nicht ausdr\u00fccklich angeforderter Werbung und Informationsmaterialien wird hiermit ausdr\u00fccklich widersprochen. Die Betreiber der Seiten behalten sich ausdr\u00fccklich rechtliche Schritte im Falle der unverlangten Zusendung von Werbeinformationen, etwa durch Spam-Mails, vor.<\/p>\n<p style=\"text-align: justify;\">\n<p style=\"text-align: justify;\"><strong>Recht am eigenen Bild (KunstUrhG)<\/strong><\/p>\n<p style=\"text-align: justify;\">Sehr geehrte Homepagebesucher,<br \/>\ngem. \u00a7 22 KunstUrhG d\u00fcrfen<\/p>\n<p style=\"text-align: justify;\"><strong>&#8222;Bildnisse nur mit Einwilligung des Abgebildeten verbreitet oder \u00f6ffentlich zur Schau gestellt werden.&#8220;<\/strong><\/p>\n<p style=\"text-align: justify;\">Wir sind sehr um die Aktualit\u00e4t unserer Homepage bem\u00fcht. Dies wird durch Berichte und Fotos von Veranstaltungen und sonstigen Ereignissen innerhalb unseres Trachtenvereins bewerkstelligt. Daraus ergibt sich unweigerlich, dass sich Vereinsmitglieder oder auch Au\u00dfenstehende auf unseren eingestellten Bildern wiederfinden.<br \/>\nUm den Trachtenverein Sch\u00f6nram und auch die Mitwirkenden an der Aktualit\u00e4t unserer Homepage vor rechtlichen Konsequenzen zu sch\u00fctzen, ist die <strong>Einwilligung<\/strong> der abgebildeten Personen auf unserer Homepage erforderlich! Nachdem es f\u00fcr den Trachtenverein Sch\u00f6nram ein erheblicher Aufwand w\u00e4re, jedes Vereinsmitglied und jede auf den Fotos abgebildete Person um ein schriftliches Einverst\u00e4ndnis zu bitten, gehen wir von einem generellen Einverst\u00e4ndnis unserer Vereinsmitglieder und den anderer abgebildeten Personen aus, auch auf unserer Hompage abgebildet zu werden!<br \/>\nSollte ein Vereinsmitglied oder ein andere Person generell oder im Nachhinein nicht mit der Darstellung seines Bildes einverstanden sein, bitten wir um umgehende Benachrichtigung an:<\/p>\n<p style=\"text-align: justify;\">Veronika Past\u00f6tter, Furt 2, 83367 Petting, Tel.: 08686\/1395, E-Mail: v.pastoetter@web.de<\/p>\n<p style=\"text-align: justify;\">Es werden dann die betreffenden Bilder der Person unverz\u00fcglich von unserer Homepage entfernt!<br \/>\nEiner Einwilligung f\u00fcr die Ver\u00f6ffentlichung von Bildern bedarf es nach \u00a7 23\/I Nr. 3 KunstUrhG nicht wenn es sich um<\/p>\n<p style=\"text-align: justify;\"><strong>\u201eBilder von Versammlungen, Aufz\u00fcgen und \u00e4hnlichen Vorg\u00e4ngen, an denen die dargestellten Personen teilgenommen haben\u201c,<\/strong><\/p>\n<p style=\"text-align: justify;\">handelt! Unter den Begriff \u201e\u00e4hnliche Vorg\u00e4nge\u201c fallen auch Vereinsveranstaltungen und \u00f6ffentliche Festlichkeiten!<\/p>\n<p style=\"text-align: justify;\">Zuk\u00fcnftig ist es auch erforderlich, dass Fotografen, die Bilder von Veranstaltungen selbst gefertigt haben und die auf der Homepage www.trachtenverein-sch\u00f6nram.de ver\u00f6ffentlicht werden sollen, schriftlich das <strong>Verwertungsrecht<\/strong> dem Trachtenverein Sch\u00f6nram zusprechen!<\/p>\n","protected":false},"excerpt":{"rendered":"<p>Impressum Angaben gem\u00e4\u00df \u00a7 5 TMG: GTEV &#8222;D&#8217;Untersurtaler&#8220; Sch\u00f6nram e.V. 83367 Petting Vertreten durch: 1. Vorsitzende: Veronika Sammer Kontakt: Telefon: Tel.: +49 (0) 8686 \/ 98<span class=\"excerpt-hellip\"> [\u2026]<\/span><\/p>\n","protected":false},"author":1,"featured_media":0,"parent":0,"menu_order":0,"comment_status":"closed","ping_status":"closed","template":"","meta":{"ngg_post_thumbnail":0},"_links":{"self":[{"href":"http:\/\/trachtenverein-schoenram.de\/wp\/index.php?rest_route=\/wp\/v2\/pages\/11"}],"collection":[{"href":"http:\/\/trachtenverein-schoenram.de\/wp\/index.php?rest_route=\/wp\/v2\/pages"}],"about":[{"href":"http:\/\/trachtenverein-schoenram.de\/wp\/index.php?rest_route=\/wp\/v2\/types\/page"}],"author":[{"embeddable":true,"href":"http:\/\/trachtenverein-schoenram.de\/wp\/index.php?rest_route=\/wp\/v2\/users\/1"}],"replies":[{"embeddable":true,"href":"http:\/\/trachtenverein-schoenram.de\/wp\/index.php?rest_route=%2Fwp%2Fv2%2Fcomments&post=11"}],"version-history":[{"count":17,"href":"http:\/\/trachtenverein-schoenram.de\/wp\/index.php?rest_route=\/wp\/v2\/pages\/11\/revisions"}],"predecessor-version":[{"id":2974,"href":"http:\/\/trachtenverein-schoenram.de\/wp\/index.php?rest_route=\/wp\/v2\/pages\/11\/revisions\/2974"}],"wp:attachment":[{"href":"http:\/\/trachtenverein-schoenram.de\/wp\/index.php?rest_route=%2Fwp%2Fv2%2Fmedia&parent=11"}],"curies":[{"name":"wp","href":"https:\/\/api.w.org\/{rel}","templated":true}]}}