{"id":13,"date":"2010-04-30T22:06:10","date_gmt":"2010-04-30T22:06:10","guid":{"rendered":"http:\/\/trachtenverein-schoenram.de\/wp\/?page_id=13"},"modified":"2022-09-29T23:35:22","modified_gmt":"2022-09-29T21:35:22","slug":"vereinsheim-2","status":"publish","type":"page","link":"http:\/\/trachtenverein-schoenram.de\/wp\/?page_id=13","title":{"rendered":"Vereinsheim"},"content":{"rendered":"<p><a href=\"http:\/\/trachtenverein-schoenram.de\/wp\/wp-content\/uploads\/2016\/10\/Haus-der-Vereine.jpg\"><img fetchpriority=\"high\" class=\"size-full wp-image-1952\" title=\"Haus der Vereine\" src=\"http:\/\/trachtenverein-schoenram.de\/wp\/wp-content\/uploads\/2016\/10\/Haus-der-Vereine.jpg\" alt=\"\" width=\"526\" height=\"271\" srcset=\"http:\/\/trachtenverein-schoenram.de\/wp\/wp-content\/uploads\/2016\/10\/Haus-der-Vereine.jpg 1003w, http:\/\/trachtenverein-schoenram.de\/wp\/wp-content\/uploads\/2016\/10\/Haus-der-Vereine-300x154.jpg 300w\" sizes=\"(max-width: 526px) 100vw, 526px\" \/><\/a><\/p>\n<p style=\"text-align: justify;\">Nach jahrelanger Planung konnte am 12. August 2016 endlich der Spatenstich f\u00fcr das neue \u201eHaus der Vereine\u201c an der Englhamer Stra\u00dfe erfolgen. Am 29. September 2018 konnte das Haus fertig gestellt werden und beherbergt seitdem die Sch\u00f6nramer Trachtler, Sch\u00fctzen und B\u00f6llersch\u00fctzen.<\/p>\n<p style=\"text-align: justify;\">Nur mit einer enormen Eigenleistung, den Zusch\u00fcssen der Gemeinde Petting und des Freistaates Bayern (u.a. aus der LEADER-F\u00f6rderung), privaten und gewerblichen Spenden und vielem mehr konnte der Bau verwirklicht werden. Ein herzliches Vergelt\u2019s Gott!!!<\/p>\n<div class=\"mceTemp mceIEcenter\">\n<p><a href=\"http:\/\/trachtenverein-schoenram.de\/wp\/wp-content\/uploads\/2016\/10\/Spatenstich.jpg\"><img class=\"size-full wp-image-1963\" title=\"Spatenstich\" src=\"http:\/\/trachtenverein-schoenram.de\/wp\/wp-content\/uploads\/2016\/10\/Spatenstich.jpg\" alt=\"\" width=\"541\" height=\"670\" \/><\/a><\/dd>\n<\/dl>\n<\/div>\n<div id=\"attachment_2069\" style=\"width: 549px\" class=\"wp-caption aligncenter\"><a href=\"http:\/\/trachtenverein-schoenram.de\/wp\/wp-content\/uploads\/2017\/07\/Haus-der-Vereine.jpg\"><img aria-describedby=\"caption-attachment-2069\" class=\"size-full wp-image-2069\" title=\"Haus der Vereine\" src=\"http:\/\/trachtenverein-schoenram.de\/wp\/wp-content\/uploads\/2017\/07\/Haus-der-Vereine.jpg\" alt=\"Im Juli 2017 wurde der Rohbau fertig gestellt.\" width=\"539\" height=\"175\" srcset=\"http:\/\/trachtenverein-schoenram.de\/wp\/wp-content\/uploads\/2017\/07\/Haus-der-Vereine.jpg 1500w, http:\/\/trachtenverein-schoenram.de\/wp\/wp-content\/uploads\/2017\/07\/Haus-der-Vereine-300x97.jpg 300w, http:\/\/trachtenverein-schoenram.de\/wp\/wp-content\/uploads\/2017\/07\/Haus-der-Vereine-1024x333.jpg 1024w\" sizes=\"(max-width: 539px) 100vw, 539px\" \/><\/a><p id=\"caption-attachment-2069\" class=\"wp-caption-text\">Im Juli 2017 wurde der Rohbau fertig gestellt.<\/p><\/div>\n<p style=\"text-align: center;\">\n<p style=\"text-align: justify;\">\n<div id=\"attachment_119\" style=\"width: 410px\" class=\"wp-caption aligncenter\"><a href=\"http:\/\/trachtenverein-schoenram.de\/wp\/wp-content\/uploads\/2010\/05\/Vereinsheim.jpg\"><img aria-describedby=\"caption-attachment-119\" loading=\"lazy\" class=\"size-full wp-image-119  \" title=\"Vereinsheim\" src=\"http:\/\/trachtenverein-schoenram.de\/wp\/wp-content\/uploads\/2010\/05\/Vereinsheim.jpg\" alt=\"\" width=\"400\" height=\"263\" srcset=\"http:\/\/trachtenverein-schoenram.de\/wp\/wp-content\/uploads\/2010\/05\/Vereinsheim.jpg 400w, http:\/\/trachtenverein-schoenram.de\/wp\/wp-content\/uploads\/2010\/05\/Vereinsheim-300x197.jpg 300w\" sizes=\"(max-width: 400px) 100vw, 400px\" \/><\/a><p id=\"caption-attachment-119\" class=\"wp-caption-text\">Das &#8222;alte Vereinsheim&#8220; im Brauereigeb\u00e4ude, das die Trachtler von 1981 bis 2018 beherbergte<\/p><\/div>\n<p style=\"text-align: justify;\">\n<p style=\"text-align: justify;\">\n<p style=\"text-align: justify;\">\n<p style=\"text-align: justify;\">\n<p style=\"text-align: justify;\">\n<p style=\"text-align: justify;\">\n<p style=\"text-align: justify;\">\n<p style=\"text-align: justify;\">\n<p style=\"text-align: justify;\">\n<p style=\"text-align: justify;\">\n<p style=\"text-align: justify;\">\n<p style=\"text-align: justify;\">\n<p style=\"text-align: justify;\">\n<p style=\"text-align: justify;\">\n<p style=\"text-align: justify;\">\n<p style=\"text-align: justify;\">\n<p style=\"text-align: justify;\">\n<p style=\"text-align: justify;\">\n<p style=\"text-align: justify;\">\n<p style=\"text-align: justify;\">\n<p style=\"text-align: justify;\">\n<p style=\"text-align: justify;\">\n","protected":false},"excerpt":{"rendered":"<p>Nach jahrelanger Planung konnte am 12. August 2016 endlich der Spatenstich f\u00fcr das neue \u201eHaus der Vereine\u201c an der Englhamer Stra\u00dfe erfolgen. Am 29. September 2018<span class=\"excerpt-hellip\"> [\u2026]<\/span><\/p>\n","protected":false},"author":1,"featured_media":0,"parent":0,"menu_order":3,"comment_status":"closed","ping_status":"closed","template":"","meta":{"ngg_post_thumbnail":0},"_links":{"self":[{"href":"http:\/\/trachtenverein-schoenram.de\/wp\/index.php?rest_route=\/wp\/v2\/pages\/13"}],"collection":[{"href":"http:\/\/trachtenverein-schoenram.de\/wp\/index.php?rest_route=\/wp\/v2\/pages"}],"about":[{"href":"http:\/\/trachtenverein-schoenram.de\/wp\/index.php?rest_route=\/wp\/v2\/types\/page"}],"author":[{"embeddable":true,"href":"http:\/\/trachtenverein-schoenram.de\/wp\/index.php?rest_route=\/wp\/v2\/users\/1"}],"replies":[{"embeddable":true,"href":"http:\/\/trachtenverein-schoenram.de\/wp\/index.php?rest_route=%2Fwp%2Fv2%2Fcomments&post=13"}],"version-history":[{"count":25,"href":"http:\/\/trachtenverein-schoenram.de\/wp\/index.php?rest_route=\/wp\/v2\/pages\/13\/revisions"}],"predecessor-version":[{"id":2552,"href":"http:\/\/trachtenverein-schoenram.de\/wp\/index.php?rest_route=\/wp\/v2\/pages\/13\/revisions\/2552"}],"wp:attachment":[{"href":"http:\/\/trachtenverein-schoenram.de\/wp\/index.php?rest_route=%2Fwp%2Fv2%2Fmedia&parent=13"}],"curies":[{"name":"wp","href":"https:\/\/api.w.org\/{rel}","templated":true}]}}